{"id":939,"date":"2024-10-20T23:04:20","date_gmt":"2024-10-20T21:04:20","guid":{"rendered":"https:\/\/cdvl63.fr\/?page_id=939"},"modified":"2024-10-28T07:15:34","modified_gmt":"2024-10-28T06:15:34","slug":"pente-ecole-cote-jolie-altitude-400m","status":"publish","type":"page","link":"https:\/\/cdvl63.fr\/index.php\/listes-des-sites\/pente-ecole-cote-jolie-altitude-400m\/","title":{"rendered":"Pente \u00e9cole &#8211; Cote Jolie &#8211; Altitude 400m"},"content":{"rendered":"\n<figure class=\"wp-block-gallery has-nested-images columns-default is-cropped wp-block-gallery-1 is-layout-flex wp-block-gallery-is-layout-flex\">\n<figure class=\"wp-block-image size-large is-style-rounded\"><img loading=\"lazy\" decoding=\"async\" width=\"1024\" height=\"546\" data-id=\"942\" src=\"https:\/\/cdvl63.fr\/wp-content\/uploads\/2024\/05\/Cote-Jolie-1024x546.jpg\" alt=\"\" class=\"wp-image-942\" srcset=\"https:\/\/cdvl63.fr\/wp-content\/uploads\/2024\/05\/Cote-Jolie-1024x546.jpg 1024w, https:\/\/cdvl63.fr\/wp-content\/uploads\/2024\/05\/Cote-Jolie-300x160.jpg 300w, https:\/\/cdvl63.fr\/wp-content\/uploads\/2024\/05\/Cote-Jolie-768x410.jpg 768w, https:\/\/cdvl63.fr\/wp-content\/uploads\/2024\/05\/Cote-Jolie-1536x819.jpg 1536w, https:\/\/cdvl63.fr\/wp-content\/uploads\/2024\/05\/Cote-Jolie.jpg 2000w\" sizes=\"auto, (max-width: 1024px) 100vw, 1024px\" \/><\/figure>\n<\/figure>\n\n\n\n<div class=\"wp-block-group\"><div class=\"wp-block-group__inner-container is-layout-constrained wp-block-group-is-layout-constrained\">\n<figure class=\"wp-block-table aligncenter\"><table class=\"has-very-light-gray-to-cyan-bluish-gray-gradient-background has-background has-fixed-layout\"><tbody><tr><td class=\"has-text-align-center\" data-align=\"center\"><img loading=\"lazy\" decoding=\"async\" width=\"150\" height=\"130\" class=\"wp-image-946\" style=\"width: 150px;\" src=\"https:\/\/cdvl63.fr\/wp-content\/uploads\/2024\/05\/Logo-CDVL-HD-.jpg\" alt=\"\"><\/td><td>Ce site conventionn\u00e9 est <strong>r\u00e9serv\u00e9 aux licenci\u00e9s FFVL &amp; FFP<\/strong> uniquement pour la pente \u00e9cole parapente ou deltaplane \u00e0 l\u2019exclusion de toute autre activit\u00e9 a\u00e9rienne<\/td><td class=\"has-text-align-center\" data-align=\"center\"><strong>Site dans la CTR, tout vol est interdit&nbsp;!<\/strong><\/td><\/tr><tr><td class=\"has-text-align-center\" data-align=\"center\"><strong>Latitude, Longitude :&nbsp;<\/strong><a href=\"https:\/\/www.google.com\/maps\/preview?q=45.6951,3.189\" target=\"_blank\" rel=\"noreferrer noopener\">45.6951, 3.189<\/a><br><strong>Secteurs de vent favorables :&nbsp;<\/strong>E &#8211; SE &#8211; S<\/td><td><strong>Conditions a\u00e9rologiques id\u00e9ales :<\/strong><br>Presque tous les matins lorsque le vent est faible sinon par r\u00e9gime de sud \u00e0 est \u00e9tabli.<\/td><td class=\"has-text-align-center\" data-align=\"center\"><img loading=\"lazy\" decoding=\"async\" width=\"250\" height=\"138\" class=\"wp-image-941\" style=\"width: 250px;\" src=\"https:\/\/cdvl63.fr\/wp-content\/uploads\/2024\/05\/56-1-scaled.jpg\" alt=\"\" srcset=\"https:\/\/cdvl63.fr\/wp-content\/uploads\/2024\/05\/56-1-scaled.jpg 2560w, https:\/\/cdvl63.fr\/wp-content\/uploads\/2024\/05\/56-1-300x165.jpg 300w, https:\/\/cdvl63.fr\/wp-content\/uploads\/2024\/05\/56-1-1024x564.jpg 1024w, https:\/\/cdvl63.fr\/wp-content\/uploads\/2024\/05\/56-1-768x423.jpg 768w, https:\/\/cdvl63.fr\/wp-content\/uploads\/2024\/05\/56-1-1536x846.jpg 1536w, https:\/\/cdvl63.fr\/wp-content\/uploads\/2024\/05\/56-1-2048x1128.jpg 2048w\" sizes=\"auto, (max-width: 250px) 100vw, 250px\" \/><\/td><\/tr><tr><td class=\"has-text-align-center\" data-align=\"center\"><strong>Acc\u00e8s<\/strong>: Pente \u00e9cole accessible en voiture depuis les Martres de Veyre. Depuis le centre ville rejoindre le cimeti\u00e8re, prendre la rue du Pinot Noir qui le longe par le nord puis prendre la premi\u00e8re rue \u00e0 droite (Rue de Loubrette), ensuite continuer tout droit sur le chemin jusqu&#8217;au parking.<br>Garez-vous correctement afin de ne pas g\u00eaner le passage d\u2019engins agricole<\/td><td><strong>R\u00e8gles d\u2019usage<\/strong><br><strong>En cas de pr\u00e9sence d\u2019une \u00e9cole locale sur le site<\/strong><br>\u02c3 pour les pratiquants individuels, merci de vous signaler aupr\u00e8s d\u2019un des moniteurs pr\u00e9sents&nbsp;!&nbsp;&nbsp;&nbsp;&nbsp;&nbsp;&nbsp;<br>\u02c3 pour une \u00e9cole ou un club hors CDVL 63, l\u2019accord des \u00e9coles est indispensable, elles sont prioritaires.<br>\u02c3 dans le cadre d\u2019une journ\u00e9e de formation club, le club organisateur devra au pr\u00e9alable avoir pr\u00e9venu les \u00e9coles locales.<br> <strong>En cas de pr\u00e9sence d\u2019engins agricoles assurant l\u2019entretien, l\u2019utilisation de la pente \u00e9cole est interdite<\/strong>.<\/td><td class=\"has-text-align-center\" data-align=\"center\"><img loading=\"lazy\" decoding=\"async\" width=\"250\" height=\"171\" class=\"wp-image-943\" style=\"width: 250px;\" src=\"https:\/\/cdvl63.fr\/wp-content\/uploads\/2024\/05\/50-Cote-Jolie-scaled.jpg\" alt=\"\" srcset=\"https:\/\/cdvl63.fr\/wp-content\/uploads\/2024\/05\/50-Cote-Jolie-scaled.jpg 2560w, https:\/\/cdvl63.fr\/wp-content\/uploads\/2024\/05\/50-Cote-Jolie-300x205.jpg 300w, https:\/\/cdvl63.fr\/wp-content\/uploads\/2024\/05\/50-Cote-Jolie-1024x700.jpg 1024w, https:\/\/cdvl63.fr\/wp-content\/uploads\/2024\/05\/50-Cote-Jolie-768x525.jpg 768w, https:\/\/cdvl63.fr\/wp-content\/uploads\/2024\/05\/50-Cote-Jolie-1536x1050.jpg 1536w, https:\/\/cdvl63.fr\/wp-content\/uploads\/2024\/05\/50-Cote-Jolie-2048x1400.jpg 2048w\" sizes=\"auto, (max-width: 250px) 100vw, 250px\" \/><br><strong>Dangers<\/strong><br>Attention par vent fort, ce site est prot\u00e9g\u00e9 mais il peut \u00eatre tr\u00e8s turbulent&nbsp;!<br><br><\/td><\/tr><\/tbody><\/table><\/figure>\n<\/div><\/div>\n","protected":false},"excerpt":{"rendered":"<p>Ce site conventionn\u00e9 est r\u00e9serv\u00e9 aux licenci\u00e9s FFVL &amp; FFP uniquement pour la pente \u00e9cole parapente ou deltaplane \u00e0 l\u2019exclusion de toute autre activit\u00e9 a\u00e9rienne Site dans la CTR, tout [&hellip;]<\/p>\n","protected":false},"author":4,"featured_media":0,"parent":158,"menu_order":0,"comment_status":"closed","ping_status":"closed","template":"","meta":{"footnotes":""},"class_list":["post-939","page","type-page","status-publish","hentry","entry"],"_links":{"self":[{"href":"https:\/\/cdvl63.fr\/index.php\/wp-json\/wp\/v2\/pages\/939","targetHints":{"allow":["GET"]}}],"collection":[{"href":"https:\/\/cdvl63.fr\/index.php\/wp-json\/wp\/v2\/pages"}],"about":[{"href":"https:\/\/cdvl63.fr\/index.php\/wp-json\/wp\/v2\/types\/page"}],"author":[{"embeddable":true,"href":"https:\/\/cdvl63.fr\/index.php\/wp-json\/wp\/v2\/users\/4"}],"replies":[{"embeddable":true,"href":"https:\/\/cdvl63.fr\/index.php\/wp-json\/wp\/v2\/comments?post=939"}],"version-history":[{"count":4,"href":"https:\/\/cdvl63.fr\/index.php\/wp-json\/wp\/v2\/pages\/939\/revisions"}],"predecessor-version":[{"id":949,"href":"https:\/\/cdvl63.fr\/index.php\/wp-json\/wp\/v2\/pages\/939\/revisions\/949"}],"up":[{"embeddable":true,"href":"https:\/\/cdvl63.fr\/index.php\/wp-json\/wp\/v2\/pages\/158"}],"wp:attachment":[{"href":"https:\/\/cdvl63.fr\/index.php\/wp-json\/wp\/v2\/media?parent=939"}],"curies":[{"name":"wp","href":"https:\/\/api.w.org\/{rel}","templated":true}]}}