{"id":430,"date":"2023-11-25T11:21:18","date_gmt":"2023-11-25T10:21:18","guid":{"rendered":"https:\/\/cdvl63.fr\/?page_id=430"},"modified":"2024-01-15T18:55:21","modified_gmt":"2024-01-15T17:55:21","slug":"chastreix-mont-redon","status":"publish","type":"page","link":"https:\/\/cdvl63.fr\/index.php\/listes-des-sites\/chastreix-mont-redon\/","title":{"rendered":"Chastreix &#8211; Mont Redon"},"content":{"rendered":"\n<h2 class=\"wp-block-heading has-vivid-cyan-blue-color has-text-color has-link-color wp-elements-7f29f444ae5ff1e8c20eb62f15dae7aa\">Chastreix &#8211; Mont Redon<\/h2>\n\n\n\n<div class=\"wp-block-columns is-layout-flex wp-container-core-columns-is-layout-9d6595d7 wp-block-columns-is-layout-flex\">\n<div class=\"wp-block-column is-layout-flow wp-block-column-is-layout-flow\" style=\"flex-basis:25%\">\n<p class=\"has-vivid-purple-color has-text-color has-link-color has-medium-font-size wp-elements-7bf21d431de42600409ab9a657ca3ee8\"><strong>Altitude<\/strong> : 1580m<br><strong>D\u00e9nivel\u00e9<\/strong> : de 280 \u00e0 480m<br><strong>Orientation<\/strong> : S &#8211; SO &#8211; O\u00a0<\/p>\n<\/div>\n\n\n\n<div class=\"wp-block-column is-layout-flow wp-block-column-is-layout-flow\">\n<p class=\"has-luminous-vivid-amber-to-luminous-vivid-orange-gradient-background has-background\">GPS : N 45\u00b052&#8217;59&#8221; &#8211; E 02\u00b078&#8217;39&#8221;<br><a href=\"https:\/\/www.sancy.com\/decouvrir\/toutes-les-communes\/chastreix\/webcam\/\">Webcam Chastreix<\/a><\/p>\n\n\n\n<p class=\"has-vivid-red-color has-text-color has-link-color has-medium-font-size wp-elements-fd683f7ad98e8435045121ba5b1f36ec\"><strong>Record: 33.70 km Jean-Yves Figon 6\/07\/23<\/strong><\/p>\n<\/div>\n\n\n\n<div class=\"wp-block-column is-layout-flow wp-block-column-is-layout-flow\">\n<figure class=\"wp-block-image size-full\"><img loading=\"lazy\" decoding=\"async\" width=\"171\" height=\"127\" src=\"https:\/\/cdvl63.fr\/wp-content\/uploads\/2023\/11\/Chastreix-Mini-Carte.jpg\" alt=\"\" class=\"wp-image-431\"\/><\/figure>\n<\/div>\n<\/div>\n\n\n\n<div class=\"wp-block-columns is-layout-flex wp-container-core-columns-is-layout-9d6595d7 wp-block-columns-is-layout-flex\">\n<div class=\"wp-block-column is-layout-flow wp-block-column-is-layout-flow\" style=\"flex-basis:66.66%\">\n<figure class=\"wp-block-image size-full\"><img loading=\"lazy\" decoding=\"async\" width=\"657\" height=\"361\" src=\"https:\/\/cdvl63.fr\/wp-content\/uploads\/2023\/11\/Chastreix-Carte.jpg\" alt=\"\" class=\"wp-image-432\" srcset=\"https:\/\/cdvl63.fr\/wp-content\/uploads\/2023\/11\/Chastreix-Carte.jpg 657w, https:\/\/cdvl63.fr\/wp-content\/uploads\/2023\/11\/Chastreix-Carte-300x165.jpg 300w\" sizes=\"auto, (max-width: 657px) 100vw, 657px\" \/><\/figure>\n\n\n\n<h2 class=\"wp-block-heading has-vivid-green-cyan-color has-text-color has-link-color wp-elements-ba048fbda86f2ca69d170637ecf0b7db\">Contacts<\/h2>\n\n\n\n<p>Club <strong>Air Bouz Band<\/strong> airbouzband@gmail.com<\/p>\n\n\n\n<h2 class=\"wp-block-heading has-vivid-green-cyan-color has-text-color has-link-color wp-elements-f9454e249e2302f887e67551abc53070\">Acc\u00e8s<\/h2>\n\n\n\n<p>Depuis <strong>Super-Besse, Le Mont-Dore ou La Bourboule<\/strong>, rejoindre Chastreix \u21d2 suivre la D650 direction Station de Chastreix\/Sancy pendant 3 km, se garer au parking du Roc de Courlande sur la droite et monter \u00e0 pied au sommet (d\u00e9niv 250m &#8211; entre 30 et 40 mn)<\/p>\n\n\n\n<p class=\"has-vivid-green-cyan-color has-text-color has-link-color has-medium-font-size wp-elements-398ad0e0fd733460d0324fa765a4538c\"><strong>Particularit\u00e9s<\/strong><\/p>\n\n\n\n<p><strong>Site non officiel<\/strong>, respecter l&#8217;herbe et les animaux pouvant se trouver dans la zone, possibilit\u00e9 de d\u00e9collage tout au long de la mont\u00e9e dans de grandes pentes herbeuses<\/p>\n<\/div>\n\n\n\n<div class=\"wp-block-column is-layout-flow wp-block-column-is-layout-flow\" style=\"flex-basis:33.33%\">\n<figure class=\"wp-block-image size-full\"><img loading=\"lazy\" decoding=\"async\" width=\"276\" height=\"160\" src=\"https:\/\/cdvl63.fr\/wp-content\/uploads\/2023\/11\/Chastreix-Ensemble.jpg\" alt=\"\" class=\"wp-image-433\"\/><\/figure>\n\n\n\n<figure class=\"wp-block-image size-full\"><img loading=\"lazy\" decoding=\"async\" width=\"276\" height=\"311\" src=\"https:\/\/cdvl63.fr\/wp-content\/uploads\/2023\/11\/Chastreix-Decollage.jpg\" alt=\"\" class=\"wp-image-434\" srcset=\"https:\/\/cdvl63.fr\/wp-content\/uploads\/2023\/11\/Chastreix-Decollage.jpg 276w, https:\/\/cdvl63.fr\/wp-content\/uploads\/2023\/11\/Chastreix-Decollage-266x300.jpg 266w\" sizes=\"auto, (max-width: 276px) 100vw, 276px\" \/><\/figure>\n\n\n\n<figure class=\"wp-block-image size-full\"><img loading=\"lazy\" decoding=\"async\" width=\"274\" height=\"166\" src=\"https:\/\/cdvl63.fr\/wp-content\/uploads\/2023\/11\/Chastreix-Ensemble-2.jpg\" alt=\"\" class=\"wp-image-435\"\/><\/figure>\n<\/div>\n<\/div>\n","protected":false},"excerpt":{"rendered":"<p>Chastreix &#8211; Mont Redon Altitude : 1580mD\u00e9nivel\u00e9 : de 280 \u00e0 480mOrientation : S &#8211; SO &#8211; O\u00a0 GPS : N 45\u00b052&#8217;59&#8221; &#8211; E 02\u00b078&#8217;39&#8221;Webcam Chastreix Record: 33.70 km Jean-Yves [&hellip;]<\/p>\n","protected":false},"author":1,"featured_media":0,"parent":158,"menu_order":0,"comment_status":"closed","ping_status":"closed","template":"","meta":{"footnotes":""},"class_list":["post-430","page","type-page","status-publish","hentry","entry"],"_links":{"self":[{"href":"https:\/\/cdvl63.fr\/index.php\/wp-json\/wp\/v2\/pages\/430","targetHints":{"allow":["GET"]}}],"collection":[{"href":"https:\/\/cdvl63.fr\/index.php\/wp-json\/wp\/v2\/pages"}],"about":[{"href":"https:\/\/cdvl63.fr\/index.php\/wp-json\/wp\/v2\/types\/page"}],"author":[{"embeddable":true,"href":"https:\/\/cdvl63.fr\/index.php\/wp-json\/wp\/v2\/users\/1"}],"replies":[{"embeddable":true,"href":"https:\/\/cdvl63.fr\/index.php\/wp-json\/wp\/v2\/comments?post=430"}],"version-history":[{"count":4,"href":"https:\/\/cdvl63.fr\/index.php\/wp-json\/wp\/v2\/pages\/430\/revisions"}],"predecessor-version":[{"id":713,"href":"https:\/\/cdvl63.fr\/index.php\/wp-json\/wp\/v2\/pages\/430\/revisions\/713"}],"up":[{"embeddable":true,"href":"https:\/\/cdvl63.fr\/index.php\/wp-json\/wp\/v2\/pages\/158"}],"wp:attachment":[{"href":"https:\/\/cdvl63.fr\/index.php\/wp-json\/wp\/v2\/media?parent=430"}],"curies":[{"name":"wp","href":"https:\/\/api.w.org\/{rel}","templated":true}]}}