{"id":375,"date":"2023-11-19T18:59:52","date_gmt":"2023-11-19T17:59:52","guid":{"rendered":"https:\/\/cdvl63.fr\/?page_id=375"},"modified":"2024-10-20T23:09:12","modified_gmt":"2024-10-20T21:09:12","slug":"super-besse","status":"publish","type":"page","link":"https:\/\/cdvl63.fr\/index.php\/listes-des-sites\/super-besse\/","title":{"rendered":"Super-Besse"},"content":{"rendered":"\n<h2 class=\"wp-block-heading has-vivid-cyan-blue-color has-text-color has-link-color wp-elements-7881230c9030c467e4459e1dc7dc9e36\">Super-Besse \u00bb 4 d\u00e9collages<\/h2>\n\n\n\n<div class=\"wp-block-columns is-layout-flex wp-container-core-columns-is-layout-9d6595d7 wp-block-columns-is-layout-flex\">\n<div class=\"wp-block-column is-layout-flow wp-block-column-is-layout-flow\" style=\"flex-basis:45%\">\n<p class=\"has-vivid-purple-color has-text-color has-link-color has-medium-font-size wp-elements-238f7e52b2e8f2f909671d313184a2f3\">\u25d9 <strong>La Perdrix\/ Puy Ferrand<\/strong> Altitude 1820 m\/1850 m<br>Orientation S\/SO d\u00e9nivel\u00e9 : 530 m \u00e0 660 m<br>\u25d9 <strong>Le Chambourguet<\/strong> Altitude 1520 m Orientation : O\/SO\/S\/E d\u00e9nivel\u00e9 230 m ou 340 m                                                                                                                                  \u25d9 <strong>Le Paillaret<\/strong> Altitude 1720 m Orientation O\/NO\/S\/SO\/SE d\u00e9nivel\u00e9 360 m \u00e0 540 m<\/p>\n<\/div>\n\n\n\n<div class=\"wp-block-column is-layout-flow wp-block-column-is-layout-flow\" style=\"flex-basis:20%\">\n<p class=\"has-luminous-vivid-amber-to-luminous-vivid-orange-gradient-background has-background\">GPS : N 45\u00b050&#8217;31&#8221; &#8211; E 02\u00b085&#8217;22&#8221;<br>Fiches sites FFVL <a href=\"https:\/\/intranet.ffvl.fr\/terrain\/587\">587<\/a> &#8211; <a href=\"https:\/\/intranet.ffvl.fr\/terrain\/588\">588<\/a> &#8211; <a href=\"https:\/\/intranet.ffvl.fr\/terrain\/589\">589<\/a> &#8211; <a href=\"https:\/\/intranet.ffvl.fr\/terrain\/590\">590<\/a> <\/p>\n\n\n\n<p class=\"has-luminous-vivid-amber-to-luminous-vivid-orange-gradient-background has-background\"><a href=\"https:\/\/www.sancy.com\/decouvrir\/toutes-les-communes\/super-besse\/webcams\/\">Webcams Super-Besse<\/a><\/p>\n<\/div>\n\n\n\n<div class=\"wp-block-column is-layout-flow wp-block-column-is-layout-flow\" style=\"flex-basis:25%\">\n<figure class=\"wp-block-image size-full is-resized\"><img loading=\"lazy\" decoding=\"async\" width=\"164\" height=\"88\" src=\"https:\/\/cdvl63.fr\/wp-content\/uploads\/2023\/11\/Super-Besse-Mini-Carte.jpg\" alt=\"\" class=\"wp-image-377\" style=\"width:246px;height:auto\"\/><\/figure>\n<\/div>\n<\/div>\n\n\n\n<div class=\"wp-block-columns is-layout-flex wp-container-core-columns-is-layout-9d6595d7 wp-block-columns-is-layout-flex\">\n<div class=\"wp-block-column is-layout-flow wp-block-column-is-layout-flow\" style=\"flex-basis:66.66%\">\n<figure class=\"wp-block-image size-full\"><img loading=\"lazy\" decoding=\"async\" width=\"675\" height=\"463\" src=\"https:\/\/cdvl63.fr\/wp-content\/uploads\/2023\/11\/Super-Besse-Carte.jpg\" alt=\"\" class=\"wp-image-378\" srcset=\"https:\/\/cdvl63.fr\/wp-content\/uploads\/2023\/11\/Super-Besse-Carte.jpg 675w, https:\/\/cdvl63.fr\/wp-content\/uploads\/2023\/11\/Super-Besse-Carte-300x206.jpg 300w\" sizes=\"auto, (max-width: 675px) 100vw, 675px\" \/><\/figure>\n\n\n\n<p class=\"has-text-align-left has-vivid-red-color has-text-color has-link-color has-small-font-size wp-elements-c3a9e524578322875e1b330dff5fc04e\"><strong>Records<\/strong><\/p>\n\n\n\n<p class=\"has-text-align-left has-vivid-red-color has-text-color has-link-color has-small-font-size wp-elements-605c9276d3d9b68119dc14eb0c97519e\">\u25d9 Le Paillaret <strong>107.60 km<\/strong> Romain Barroux 21\/05\/2016<\/p>\n\n\n\n<p class=\"has-text-align-left has-vivid-red-color has-text-color has-link-color has-small-font-size wp-elements-a9407108cf6dabce7a9910473a8e5437\">\u25d9 La Perdrix <strong>84.50 km<\/strong> Nicolas Courtin 11\/08\/2024<\/p>\n\n\n\n<p class=\"has-text-align-left has-vivid-red-color has-text-color has-link-color has-small-font-size wp-elements-182bf0f7894e40d1f3c94ce26a3b1de1\">\u25d9 Le Chambourguet <strong>58.50 <\/strong><strong>km<\/strong> Jacques Faure 19\/07\/2003<\/p>\n<\/div>\n\n\n\n<div class=\"wp-block-column is-layout-flow wp-block-column-is-layout-flow\" style=\"flex-basis:33.33%\">\n<figure class=\"wp-block-image size-full\"><img loading=\"lazy\" decoding=\"async\" width=\"277\" height=\"165\" src=\"https:\/\/cdvl63.fr\/wp-content\/uploads\/2023\/11\/Super-Besse-Decollage.jpg\" alt=\"\" class=\"wp-image-379\"\/><\/figure>\n\n\n\n<figure class=\"wp-block-image size-full\"><img loading=\"lazy\" decoding=\"async\" width=\"275\" height=\"193\" src=\"https:\/\/cdvl63.fr\/wp-content\/uploads\/2023\/11\/Super-Besse-Decollage-2.jpg\" alt=\"\" class=\"wp-image-380\"\/><\/figure>\n\n\n\n<figure class=\"wp-block-image size-full\"><img loading=\"lazy\" decoding=\"async\" width=\"276\" height=\"177\" src=\"https:\/\/cdvl63.fr\/wp-content\/uploads\/2023\/11\/Super-Besse-Paillaret.jpg\" alt=\"\" class=\"wp-image-381\"\/><\/figure>\n<\/div>\n<\/div>\n\n\n\n<h2 class=\"wp-block-heading has-vivid-green-cyan-color has-text-color has-link-color wp-elements-f9454e249e2302f887e67551abc53070\">Acc\u00e8s<\/h2>\n\n\n\n<p>De Clermont ou d&#8217;Issoire rejoindre Super-Besse \u21d2 direction Picherande, vous aurez toutes les infos au panneau de l&#8217;atterrissage du Madalet situ\u00e9 sur votre droite en sortie de station.<\/p>\n\n\n\n<p class=\"has-vivid-green-cyan-color has-text-color has-link-color has-medium-font-size wp-elements-3425869369e2957141380414eeba547f\"><strong>Info <\/strong><\/p>\n\n\n\n<p class=\"has-vivid-red-color has-text-color has-link-color wp-elements-a1cebca5bda2661a3ba82b5e918d200d\">Le survol de la vall\u00e9e de Chaudefour est interdit \u00e0 moins de 300 m\/sol<\/p>\n","protected":false},"excerpt":{"rendered":"<p>Super-Besse \u00bb 4 d\u00e9collages \u25d9 La Perdrix\/ Puy Ferrand Altitude 1820 m\/1850 mOrientation S\/SO d\u00e9nivel\u00e9 : 530 m \u00e0 660 m\u25d9 Le Chambourguet Altitude 1520 m Orientation : O\/SO\/S\/E d\u00e9nivel\u00e9 [&hellip;]<\/p>\n","protected":false},"author":1,"featured_media":0,"parent":158,"menu_order":0,"comment_status":"closed","ping_status":"closed","template":"","meta":{"footnotes":""},"class_list":["post-375","page","type-page","status-publish","hentry","entry"],"_links":{"self":[{"href":"https:\/\/cdvl63.fr\/index.php\/wp-json\/wp\/v2\/pages\/375","targetHints":{"allow":["GET"]}}],"collection":[{"href":"https:\/\/cdvl63.fr\/index.php\/wp-json\/wp\/v2\/pages"}],"about":[{"href":"https:\/\/cdvl63.fr\/index.php\/wp-json\/wp\/v2\/types\/page"}],"author":[{"embeddable":true,"href":"https:\/\/cdvl63.fr\/index.php\/wp-json\/wp\/v2\/users\/1"}],"replies":[{"embeddable":true,"href":"https:\/\/cdvl63.fr\/index.php\/wp-json\/wp\/v2\/comments?post=375"}],"version-history":[{"count":17,"href":"https:\/\/cdvl63.fr\/index.php\/wp-json\/wp\/v2\/pages\/375\/revisions"}],"predecessor-version":[{"id":1020,"href":"https:\/\/cdvl63.fr\/index.php\/wp-json\/wp\/v2\/pages\/375\/revisions\/1020"}],"up":[{"embeddable":true,"href":"https:\/\/cdvl63.fr\/index.php\/wp-json\/wp\/v2\/pages\/158"}],"wp:attachment":[{"href":"https:\/\/cdvl63.fr\/index.php\/wp-json\/wp\/v2\/media?parent=375"}],"curies":[{"name":"wp","href":"https:\/\/api.w.org\/{rel}","templated":true}]}}