{"id":340,"date":"2023-11-19T13:21:39","date_gmt":"2023-11-19T12:21:39","guid":{"rendered":"https:\/\/cdvl63.fr\/?page_id=340"},"modified":"2024-05-05T23:11:31","modified_gmt":"2024-05-05T21:11:31","slug":"puy-de-louire","status":"publish","type":"page","link":"https:\/\/cdvl63.fr\/index.php\/listes-des-sites\/puy-de-louire\/","title":{"rendered":"Puy de l&#8217;Ouire"},"content":{"rendered":"\n<h2 class=\"wp-block-heading has-vivid-cyan-blue-color has-text-color has-link-color wp-elements-2b9c2bbd7dc74d5b8bbaeb2720ae33bc\">Puy de l&#8217;Ouire<\/h2>\n\n\n\n<div class=\"wp-block-columns is-layout-flex wp-container-core-columns-is-layout-9d6595d7 wp-block-columns-is-layout-flex\">\n<div class=\"wp-block-column is-layout-flow wp-block-column-is-layout-flow\" style=\"flex-basis:25%\">\n<p class=\"has-vivid-purple-color has-text-color has-link-color has-medium-font-size wp-elements-3e8fdede5ae78be2d524d91f6f38bdfd\"><strong>Altitude<\/strong> : 1505m<br><strong>D\u00e9nivel\u00e9<\/strong> : 250 \u00e0 500m<br><strong>Orientation<\/strong> : O-NO-N<\/p>\n<\/div>\n\n\n\n<div class=\"wp-block-column is-layout-flow wp-block-column-is-layout-flow\" style=\"flex-basis:45%\">\n<p class=\"has-luminous-vivid-amber-to-luminous-vivid-orange-gradient-background has-background\">GPS : N 45\u00b062&#8217;86&#8221; &#8211; E 02\u00b083&#8217;14&#8221; <br>Fiche site <a href=\"https:\/\/intranet.ffvl.fr\/terrain\/1508\">FFVL 1508<\/a> <a href=\"https:\/\/www.auvergnevolcansancy.com\/votre-sejour\/pratique\/webcams\/webcams-domaine-nordique-du-guery\/\">Webcam col de Gu\u00e9ry<\/a><\/p>\n\n\n\n<p class=\"has-vivid-red-color has-text-color has-link-color has-medium-font-size wp-elements-ea87ef65f529ccc69a7085debcd37263\">Record <strong>40.40 km<\/strong> Jean-Baptiste Monange 27\/04\/16<\/p>\n<\/div>\n\n\n\n<div class=\"wp-block-column is-layout-flow wp-block-column-is-layout-flow\">\n<figure class=\"wp-block-image size-full\"><img loading=\"lazy\" decoding=\"async\" width=\"144\" height=\"124\" src=\"https:\/\/cdvl63.fr\/wp-content\/uploads\/2023\/11\/Ouire-Mini-Carte.jpg\" alt=\"\" class=\"wp-image-341\"\/><\/figure>\n<\/div>\n<\/div>\n\n\n\n<div class=\"wp-block-columns is-layout-flex wp-container-core-columns-is-layout-9d6595d7 wp-block-columns-is-layout-flex\">\n<div class=\"wp-block-column is-layout-flow wp-block-column-is-layout-flow\" style=\"flex-basis:66.66%\">\n<figure class=\"wp-block-image size-full\"><img loading=\"lazy\" decoding=\"async\" width=\"468\" height=\"578\" src=\"https:\/\/cdvl63.fr\/wp-content\/uploads\/2023\/11\/Ouire-Carte.jpg\" alt=\"\" class=\"wp-image-342\" srcset=\"https:\/\/cdvl63.fr\/wp-content\/uploads\/2023\/11\/Ouire-Carte.jpg 468w, https:\/\/cdvl63.fr\/wp-content\/uploads\/2023\/11\/Ouire-Carte-243x300.jpg 243w\" sizes=\"auto, (max-width: 468px) 100vw, 468px\" \/><\/figure>\n<\/div>\n\n\n\n<div class=\"wp-block-column is-layout-flow wp-block-column-is-layout-flow\" style=\"flex-basis:33.33%\">\n<figure class=\"wp-block-image size-full\"><img loading=\"lazy\" decoding=\"async\" width=\"276\" height=\"155\" src=\"https:\/\/cdvl63.fr\/wp-content\/uploads\/2023\/11\/Ouire-General.jpg\" alt=\"\" class=\"wp-image-343\"\/><\/figure>\n\n\n\n<figure class=\"wp-block-image size-full\"><img loading=\"lazy\" decoding=\"async\" width=\"276\" height=\"179\" src=\"https:\/\/cdvl63.fr\/wp-content\/uploads\/2023\/11\/Ouire-Decollage-2.jpg\" alt=\"\" class=\"wp-image-344\"\/><\/figure>\n\n\n\n<figure class=\"wp-block-image size-full\"><img loading=\"lazy\" decoding=\"async\" width=\"274\" height=\"180\" src=\"https:\/\/cdvl63.fr\/wp-content\/uploads\/2023\/11\/Ouire-Atterrissage.jpg\" alt=\"\" class=\"wp-image-345\"\/><\/figure>\n<\/div>\n<\/div>\n\n\n\n<h2 class=\"wp-block-heading has-vivid-green-cyan-color has-text-color has-link-color wp-elements-ba048fbda86f2ca69d170637ecf0b7db\">Contacts<\/h2>\n\n\n\n<p>Club <strong>Air Bouz Band<\/strong> airbouzband@gmail.com<br>Club <strong>ASBF<\/strong> jackasbf@free.fr<\/p>\n\n\n\n<h2 class=\"wp-block-heading has-vivid-green-cyan-color has-text-color has-link-color wp-elements-fd65fcd2b067fca551b66d06e9da5edc\">Bonnes adresses<\/h2>\n\n\n\n<p>Caf\u00e9 et Gite du lac Servi\u00e8res &#8211;&nbsp; 04 73 65 93 63&nbsp; &nbsp; <a href=\"http:\/\/www.gitedulacservieres.com\">www.gitedulacservieres.com<\/a><br>Gite du Cros&nbsp; 04.73.65.92.95 &#8211; 06.65.49.93.59 &#8211; <a href=\"http:\/\/www.giteducros.fr\">www.giteducros.fr<\/a><\/p>\n\n\n\n<h2 class=\"wp-block-heading has-vivid-green-cyan-color has-text-color has-link-color wp-elements-f9454e249e2302f887e67551abc53070\">Acc\u00e8s<\/h2>\n\n\n\n<p>Du Mont-Dore ou Clermont rejoindre le col de Gu\u00e9ry, se garer au parking et prendre le GR qui part \u00e0 l&#8217;est, jusqu&#8217;au sommet d\u00e9niv 250 m (30&#8242; \u00e0 40&#8242;).<\/p>\n\n\n\n<h2 class=\"wp-block-heading has-vivid-green-cyan-color has-text-color has-link-color wp-elements-06d11dcd46a3b4cff6212dba00830438\">Atterros<\/h2>\n\n\n\n<p>Au Cros, atterro officiel A, atterros autoris\u00e9s A1 &amp; A2. <br>Possibilit\u00e9 de poser au d\u00e9co interm\u00e9diaire ou au bord du lac !<\/p>\n","protected":false},"excerpt":{"rendered":"<p>Puy de l&#8217;Ouire Altitude : 1505mD\u00e9nivel\u00e9 : 250 \u00e0 500mOrientation : O-NO-N GPS : N 45\u00b062&#8217;86&#8221; &#8211; E 02\u00b083&#8217;14&#8221; Fiche site FFVL 1508 Webcam col de Gu\u00e9ry Record 40.40 km [&hellip;]<\/p>\n","protected":false},"author":1,"featured_media":0,"parent":158,"menu_order":0,"comment_status":"closed","ping_status":"closed","template":"","meta":{"footnotes":""},"class_list":["post-340","page","type-page","status-publish","hentry","entry"],"_links":{"self":[{"href":"https:\/\/cdvl63.fr\/index.php\/wp-json\/wp\/v2\/pages\/340","targetHints":{"allow":["GET"]}}],"collection":[{"href":"https:\/\/cdvl63.fr\/index.php\/wp-json\/wp\/v2\/pages"}],"about":[{"href":"https:\/\/cdvl63.fr\/index.php\/wp-json\/wp\/v2\/types\/page"}],"author":[{"embeddable":true,"href":"https:\/\/cdvl63.fr\/index.php\/wp-json\/wp\/v2\/users\/1"}],"replies":[{"embeddable":true,"href":"https:\/\/cdvl63.fr\/index.php\/wp-json\/wp\/v2\/comments?post=340"}],"version-history":[{"count":7,"href":"https:\/\/cdvl63.fr\/index.php\/wp-json\/wp\/v2\/pages\/340\/revisions"}],"predecessor-version":[{"id":903,"href":"https:\/\/cdvl63.fr\/index.php\/wp-json\/wp\/v2\/pages\/340\/revisions\/903"}],"up":[{"embeddable":true,"href":"https:\/\/cdvl63.fr\/index.php\/wp-json\/wp\/v2\/pages\/158"}],"wp:attachment":[{"href":"https:\/\/cdvl63.fr\/index.php\/wp-json\/wp\/v2\/media?parent=340"}],"curies":[{"name":"wp","href":"https:\/\/api.w.org\/{rel}","templated":true}]}}