{"id":310,"date":"2023-11-19T10:43:13","date_gmt":"2023-11-19T09:43:13","guid":{"rendered":"https:\/\/cdvl63.fr\/?page_id=310"},"modified":"2024-10-20T23:10:57","modified_gmt":"2024-10-20T21:10:57","slug":"pic-saint-pierre","status":"publish","type":"page","link":"https:\/\/cdvl63.fr\/index.php\/listes-des-sites\/pic-saint-pierre\/","title":{"rendered":"Pic Saint-Pierre"},"content":{"rendered":"\n<h2 class=\"wp-block-heading has-vivid-cyan-blue-color has-text-color has-link-color wp-elements-c9f46b1bd1a72daec4919db859d23da3\">Pic Saint-Pierre \u00bb 2 d\u00e9collages<\/h2>\n\n\n\n<div class=\"wp-block-columns is-layout-flex wp-container-core-columns-is-layout-9d6595d7 wp-block-columns-is-layout-flex\">\n<div class=\"wp-block-column is-layout-flow wp-block-column-is-layout-flow\" style=\"flex-basis:30%\">\n<p class=\"has-vivid-purple-color has-text-color has-link-color has-medium-font-size wp-elements-067cfd8e3da65f974f67bcc0a80e41de\"><strong>Altitude<\/strong> : 990m<br><strong>D\u00e9nivel\u00e9 <\/strong>: 320 \u00e0 340 m<br><strong>Orientation<\/strong> : S-SE \/ N-NE<\/p>\n<\/div>\n\n\n\n<div class=\"wp-block-column is-layout-flow wp-block-column-is-layout-flow\" style=\"flex-basis:40%\">\n<p class=\"has-luminous-vivid-amber-to-luminous-vivid-orange-gradient-background has-background\">GPS : N 45\u00b053&#8217;46&#8221; &#8211; E 02\u00b098&#8217;93&#8221;<br>Fiche site <a href=\"https:\/\/intranet.ffvl.fr\/terrain\/436\">FFVL 436<\/a>  Balise <a href=\"https:\/\/holfuy.com\/fr\/weather\/1471\">Holfuy 1471<\/a> (de novembre \u00e0 avril)<\/p>\n\n\n\n<p class=\"has-vivid-red-color has-text-color has-link-color has-medium-font-size wp-elements-f8f9e47e55de64c9fa916222c11404fe\">Record <strong>109.45 km<\/strong> Hild\u00e9ric Sauret-Bourin 31\/08\/24<\/p>\n<\/div>\n\n\n\n<div class=\"wp-block-column is-layout-flow wp-block-column-is-layout-flow\">\n<figure class=\"wp-block-image size-full\"><img loading=\"lazy\" decoding=\"async\" width=\"190\" height=\"123\" src=\"https:\/\/cdvl63.fr\/wp-content\/uploads\/2023\/11\/St-Pierre-Mini-Carte.jpg\" alt=\"\" class=\"wp-image-311\"\/><\/figure>\n<\/div>\n<\/div>\n\n\n\n<div class=\"wp-block-columns is-layout-flex wp-container-core-columns-is-layout-9d6595d7 wp-block-columns-is-layout-flex\">\n<div class=\"wp-block-column is-layout-flow wp-block-column-is-layout-flow\" style=\"flex-basis:66.66%\">\n<figure class=\"wp-block-image size-full\"><img loading=\"lazy\" decoding=\"async\" width=\"1075\" height=\"789\" src=\"https:\/\/cdvl63.fr\/wp-content\/uploads\/2024\/01\/psp-carte-2.jpg\" alt=\"\" class=\"wp-image-624\" srcset=\"https:\/\/cdvl63.fr\/wp-content\/uploads\/2024\/01\/psp-carte-2.jpg 1075w, https:\/\/cdvl63.fr\/wp-content\/uploads\/2024\/01\/psp-carte-2-300x220.jpg 300w, https:\/\/cdvl63.fr\/wp-content\/uploads\/2024\/01\/psp-carte-2-1024x752.jpg 1024w, https:\/\/cdvl63.fr\/wp-content\/uploads\/2024\/01\/psp-carte-2-768x564.jpg 768w\" sizes=\"auto, (max-width: 1075px) 100vw, 1075px\" \/><\/figure>\n<\/div>\n\n\n\n<div class=\"wp-block-column is-layout-flow wp-block-column-is-layout-flow\" style=\"flex-basis:33.33%\">\n<figure class=\"wp-block-image size-full\"><img loading=\"lazy\" decoding=\"async\" width=\"275\" height=\"206\" src=\"https:\/\/cdvl63.fr\/wp-content\/uploads\/2023\/11\/St-Pierre-Vue-General.jpg\" alt=\"\" class=\"wp-image-313\"\/><\/figure>\n\n\n\n<figure class=\"wp-block-image size-full\"><img loading=\"lazy\" decoding=\"async\" width=\"274\" height=\"154\" src=\"https:\/\/cdvl63.fr\/wp-content\/uploads\/2023\/11\/St-Pierre-Decollage.jpg\" alt=\"\" class=\"wp-image-314\"\/><\/figure>\n\n\n\n<figure class=\"wp-block-image size-full\"><img loading=\"lazy\" decoding=\"async\" width=\"275\" height=\"175\" src=\"https:\/\/cdvl63.fr\/wp-content\/uploads\/2023\/11\/St-Pierre-En-Vol.jpg\" alt=\"\" class=\"wp-image-315\"\/><\/figure>\n<\/div>\n<\/div>\n\n\n\n<h2 class=\"wp-block-heading has-vivid-green-cyan-color has-text-color has-link-color wp-elements-ba048fbda86f2ca69d170637ecf0b7db\">Contacts<\/h2>\n\n\n\n<p>Club Air Bouz Band airbouzband@gmail.com<br>Club ASBF jackasbf@free.fr<\/p>\n\n\n\n<h2 class=\"wp-block-heading has-vivid-green-cyan-color has-text-color has-link-color wp-elements-fd65fcd2b067fca551b66d06e9da5edc\">Bonnes adresses<\/h2>\n\n\n\n<p>Gite &#8220;Chez nous&#8221; \u00e0 Verri\u00e8res &#8211; 06 36 08 15 45 &#8211; <a href=\"http:\/\/cheznous63320.wixsite.com\">cheznous63320.wixsite.com<\/a><br>Gite 8\/10 personnes \u00e0 Lyns 06 32 46 81 64 &#8211; <a href=\"http:\/\/www.leboncoin.fr\/locations_gites\/374551254.htm\">Gite de Lyns<\/a><br>Gite La Bertherie \u00e0 Cotteuges 04 73 96 30 99 &#8211; <a href=\"http:\/\/www.labertherie.com\">www.labertherie.com<\/a><\/p>\n\n\n\n<h2 class=\"wp-block-heading has-vivid-green-cyan-color has-text-color has-link-color wp-elements-f9454e249e2302f887e67551abc53070\">Acc\u00e8s<\/h2>\n\n\n\n<p>De <strong>Saurier<\/strong> continuer jusqu&#8217;\u00e0 Cotteuge traverser le village, rejoindre la D 978 et juste apr\u00e8s le carrefour tourner \u00e0 gauche direction &#8220;Grottes de Jonas&#8221;, passer devant les grottes et se garer au panneau indiquant &#8220;d\u00e9collage&#8221; ou continuer jusqu&#8217;au Col de la Feuille et dans les 2 cas finir \u00e0 pied pour rejoindre le d\u00e9collage (entre 10&#8242; et 15&#8242;)<\/p>\n\n\n\n<p class=\"has-vivid-green-cyan-color has-text-color has-link-color has-medium-font-size wp-elements-90043ed106aab61c6749fa65223b7fac\"><strong>Consignes et particularit\u00e9s<\/strong><\/p>\n\n\n\n<p>D\u00e9collage S\/SE tr\u00e8s vaste et facile, d\u00e9collage N\/NE tr\u00e8s technique, d\u00e9conseill\u00e9 aux d\u00e9butants !<\/p>\n\n\n\n<p>A l&#8217;atterro si l&#8217;herbe est haute ou en pr\u00e9sence de vaches choisir un autre pr\u00e9 alentour.<\/p>\n\n\n\n<p><\/p>\n","protected":false},"excerpt":{"rendered":"<p>Pic Saint-Pierre \u00bb 2 d\u00e9collages Altitude : 990mD\u00e9nivel\u00e9 : 320 \u00e0 340 mOrientation : S-SE \/ N-NE GPS : N 45\u00b053&#8217;46&#8221; &#8211; E 02\u00b098&#8217;93&#8221;Fiche site FFVL 436 Balise Holfuy 1471 [&hellip;]<\/p>\n","protected":false},"author":1,"featured_media":0,"parent":158,"menu_order":0,"comment_status":"closed","ping_status":"closed","template":"","meta":{"footnotes":""},"class_list":["post-310","page","type-page","status-publish","hentry","entry"],"_links":{"self":[{"href":"https:\/\/cdvl63.fr\/index.php\/wp-json\/wp\/v2\/pages\/310","targetHints":{"allow":["GET"]}}],"collection":[{"href":"https:\/\/cdvl63.fr\/index.php\/wp-json\/wp\/v2\/pages"}],"about":[{"href":"https:\/\/cdvl63.fr\/index.php\/wp-json\/wp\/v2\/types\/page"}],"author":[{"embeddable":true,"href":"https:\/\/cdvl63.fr\/index.php\/wp-json\/wp\/v2\/users\/1"}],"replies":[{"embeddable":true,"href":"https:\/\/cdvl63.fr\/index.php\/wp-json\/wp\/v2\/comments?post=310"}],"version-history":[{"count":13,"href":"https:\/\/cdvl63.fr\/index.php\/wp-json\/wp\/v2\/pages\/310\/revisions"}],"predecessor-version":[{"id":1022,"href":"https:\/\/cdvl63.fr\/index.php\/wp-json\/wp\/v2\/pages\/310\/revisions\/1022"}],"up":[{"embeddable":true,"href":"https:\/\/cdvl63.fr\/index.php\/wp-json\/wp\/v2\/pages\/158"}],"wp:attachment":[{"href":"https:\/\/cdvl63.fr\/index.php\/wp-json\/wp\/v2\/media?parent=310"}],"curies":[{"name":"wp","href":"https:\/\/api.w.org\/{rel}","templated":true}]}}