{"id":18,"date":"2023-02-25T08:48:11","date_gmt":"2023-02-25T07:48:11","guid":{"rendered":"https:\/\/cdvl63.fr\/?page_id=18"},"modified":"2025-11-02T17:37:59","modified_gmt":"2025-11-02T16:37:59","slug":"creez-votre-site-avec-des-blocs","status":"publish","type":"page","link":"https:\/\/cdvl63.fr\/index.php\/creez-votre-site-avec-des-blocs\/","title":{"rendered":"Bienvenue !"},"content":{"rendered":"\n<figure class=\"wp-block-image alignwide size-large\"><img loading=\"lazy\" decoding=\"async\" width=\"1024\" height=\"198\" src=\"https:\/\/cdvl63.fr\/wp-content\/uploads\/2023\/03\/Header-1024x198.jpg\" alt=\"\" class=\"wp-image-118\" srcset=\"https:\/\/cdvl63.fr\/wp-content\/uploads\/2023\/03\/Header-1024x198.jpg 1024w, https:\/\/cdvl63.fr\/wp-content\/uploads\/2023\/03\/Header-300x58.jpg 300w, https:\/\/cdvl63.fr\/wp-content\/uploads\/2023\/03\/Header-768x149.jpg 768w, https:\/\/cdvl63.fr\/wp-content\/uploads\/2023\/03\/Header-1536x298.jpg 1536w, https:\/\/cdvl63.fr\/wp-content\/uploads\/2023\/03\/Header-2048x397.jpg 2048w\" sizes=\"auto, (max-width: 1024px) 100vw, 1024px\" \/><\/figure>\n\n\n\n<div style=\"height:25px\" aria-hidden=\"true\" class=\"wp-block-spacer\"><\/div>\n\n\n\n<div class=\"wp-block-media-text alignwide has-media-on-the-right\" style=\"grid-template-columns:auto 15%\"><div class=\"wp-block-media-text__content\">\n<h2 class=\"wp-block-heading\">Les missions du CDVL<\/h2>\n\n\n\n<p>Le <strong>Comit\u00e9 D\u00e9partemental du Vol Libre du Puy de D\u00f4me<\/strong> est une association de loi 1901 qui regroupe et <strong>repr\u00e9sente tous les clubs<\/strong> affili\u00e9s \u00e0 la FFVL sur le territoire du Puy de D\u00f4me.<\/p>\n\n\n\n<p>Voici ses principales missions qui ne se limitent pas \u00e0 cette liste :<\/p>\n\n\n\n<ul class=\"wp-block-list\">\n<li>Formaliser les probl\u00e9matiques locales,  <strong>regrouper les envies des clubs et les transformer en projets<\/strong>,<\/li>\n\n\n\n<li>Coordonner la <strong>p\u00e9rennisation, l&#8217;entretien et le d\u00e9veloppement des sites officiels<\/strong>, ainsi que les <strong>relations avec les propri\u00e9taires terriens<\/strong> publics et priv\u00e9s,<\/li>\n\n\n\n<li><strong>Communiquer et informer <\/strong>sur l&#8217;actualit\u00e9 locale influant sur notre pratique (Espaces A\u00e9riens, Ouverture \/ Fermeture de sites, etc.)<\/li>\n\n\n\n<li>\u00catre l&#8217;<strong>interlocuteur des instances d\u00e9partementales<\/strong>, de la pr\u00e9fecture et de la Direction D\u00e9partementale de la Jeunesse et des Sports.<\/li>\n<\/ul>\n<\/div><figure class=\"wp-block-media-text__media\"><img loading=\"lazy\" decoding=\"async\" width=\"300\" height=\"300\" src=\"https:\/\/cdvl63.fr\/wp-content\/uploads\/2023\/03\/LogoFFVL-BD.preview-300x300.png\" alt=\"\" class=\"wp-image-94 size-medium\" srcset=\"https:\/\/cdvl63.fr\/wp-content\/uploads\/2023\/03\/LogoFFVL-BD.preview-300x300.png 300w, https:\/\/cdvl63.fr\/wp-content\/uploads\/2023\/03\/LogoFFVL-BD.preview-150x150.png 150w, https:\/\/cdvl63.fr\/wp-content\/uploads\/2023\/03\/LogoFFVL-BD.preview-600x600.png 600w, https:\/\/cdvl63.fr\/wp-content\/uploads\/2023\/03\/LogoFFVL-BD.preview.png 640w\" sizes=\"auto, (max-width: 300px) 100vw, 300px\" \/><\/figure><\/div>\n\n\n\n<hr class=\"wp-block-separator has-alpha-channel-opacity\"\/>\n\n\n\n<div class=\"wp-block-media-text alignwide\" style=\"grid-template-columns:15% auto\"><figure class=\"wp-block-media-text__media\"><img loading=\"lazy\" decoding=\"async\" width=\"300\" height=\"259\" src=\"https:\/\/cdvl63.fr\/wp-content\/uploads\/2023\/03\/Logo-CDVL-HD-300x259.jpg\" alt=\"\" class=\"wp-image-75 size-medium\" srcset=\"https:\/\/cdvl63.fr\/wp-content\/uploads\/2023\/03\/Logo-CDVL-HD-300x259.jpg 300w, https:\/\/cdvl63.fr\/wp-content\/uploads\/2023\/03\/Logo-CDVL-HD-1024x885.jpg 1024w, https:\/\/cdvl63.fr\/wp-content\/uploads\/2023\/03\/Logo-CDVL-HD-768x664.jpg 768w, https:\/\/cdvl63.fr\/wp-content\/uploads\/2023\/03\/Logo-CDVL-HD.jpg 1181w\" sizes=\"auto, (max-width: 300px) 100vw, 300px\" \/><\/figure><div class=\"wp-block-media-text__content\">\n<h2 class=\"wp-block-heading\">Ce que vous trouverez ici<\/h2>\n\n\n\n<p>Vous trouverez ici <strong>toutes les informations n\u00e9cessaires quant \u00e0 la pratique du Vol Libre<\/strong>, ainsi que toutes les actions effectu\u00e9es et envisag\u00e9es par le CDVL 63. <\/p>\n\n\n\n<p>Pour cela, naviguez <strong>sur le menu principal \u00e0 gauche de l&#8217;\u00e9cran<\/strong>. <br><\/p>\n<\/div><\/div>\n\n\n\n<hr class=\"wp-block-separator has-alpha-channel-opacity\"\/>\n\n\n\n<div class=\"wp-block-media-text alignwide has-media-on-the-right\" style=\"grid-template-columns:auto 36%\"><div class=\"wp-block-media-text__content\">\n<h2 class=\"wp-block-heading\">Rejoignez-nous !<\/h2>\n\n\n\n<p>La pratique de notre activit\u00e9, si <strong>pr\u00e9cieuse<\/strong> de par la Libert\u00e9 qu&#8217;elle nous procure, n\u00e9cessite pour sa pr\u00e9servation et son d\u00e9veloppement que des <strong>b\u00e9n\u00e9voles<\/strong> s&#8217;y investissent. <br>C&#8217;est quelques heures par an, et <strong>toutes les id\u00e9es neuves sont les bienvenues<\/strong>.<br>Pour nous rejoindre c&#8217;est simple comme un mail \u00e0 : <a href=\"mailto:63cdvl@gmail.com\" target=\"_blank\" rel=\"noreferrer noopener\">63cdvl@gmail.com<\/a><\/p>\n\n\n\n<h2 class=\"wp-block-heading\">Adh\u00e9sion Volontaire<\/h2>\n\n\n\n<p>Vous cotisez normalement au CDVL par votre prise de licence \u00e0 la FFVL. Votre contribution est primordiale pour nous aider dans la promotion du Vol libre dans le Puy-de-D\u00f4me. Pour les non pratiquants et pour les pilotes d&#8217;autres f\u00e9d\u00e9rations (comme la FFP par exemple) vous avez la possibilit\u00e9 d&#8217;effectuer une Adh\u00e9sion Volontaire : <a href=\"https:\/\/www.helloasso.com\/associations\/comite-departemental-de-vol-libre-du-puy-de-dome\/adhesions\/adhesion-volontaire-au-cdvl63-2026\">https:\/\/www.helloasso.com\/associations\/comite-departemental-de-vol-libre-du-puy-de-dome\/adhesions\/adhesion-volontaire-au-cdvl63-2026<\/a>.<\/p>\n\n\n\n<h2 class=\"wp-block-heading\">Don Volontaire<\/h2>\n\n\n\n<p>Soutenir le Vol Libre dans le Puy-de-D\u00f4me, c\u2019est aussi possible par un don !<br>Chaque contribution, m\u00eame modeste, nous aide \u00e0 pr\u00e9server nos sites, \u00e0 d\u00e9velopper de nouveaux projets, \u00e0 former les b\u00e9n\u00e9voles et \u00e0 promouvoir la pratique en toute s\u00e9curit\u00e9.<\/p>\n\n\n\n<p>Votre don vient directement renforcer les actions du&nbsp;<strong>Comit\u00e9 D\u00e9partemental de Vol Libre du Puy-de-D\u00f4me (CDVL63)<\/strong>&nbsp;: entretien des d\u00e9cos et atterrissages, sensibilisation \u00e0 la cohabitation avec les autres usagers du ciel et du sol, organisation d\u2019\u00e9v\u00e9nements, animations et journ\u00e9es d\u00e9couvertes.<\/p>\n\n\n\n<p>\u27a1\ufe0f Pour faire un don volontaire, rendez-vous sur notre page HelloAsso :<br><a href=\"https:\/\/www.helloasso.com\/associations\/comite-departemental-de-vol-libre-du-puy-de-dome\/formulaires\/1\"><strong>Faire un don au CDVL63<\/strong><\/a><\/p>\n\n\n\n<p>Chaque geste compte, et c\u2019est gr\u00e2ce \u00e0 vous que le Vol Libre continue de rayonner dans le Puy-de-D\u00f4me ! \ud83e\ude82<\/p>\n<\/div><figure class=\"wp-block-media-text__media\"><img loading=\"lazy\" decoding=\"async\" width=\"300\" height=\"169\" src=\"https:\/\/cdvl63.fr\/wp-content\/uploads\/2023\/02\/23-02-18-Puy-de-lOuire-1-300x169.jpg\" alt=\"\" class=\"wp-image-40 size-medium\" srcset=\"https:\/\/cdvl63.fr\/wp-content\/uploads\/2023\/02\/23-02-18-Puy-de-lOuire-1-300x169.jpg 300w, https:\/\/cdvl63.fr\/wp-content\/uploads\/2023\/02\/23-02-18-Puy-de-lOuire-1-1024x576.jpg 1024w, https:\/\/cdvl63.fr\/wp-content\/uploads\/2023\/02\/23-02-18-Puy-de-lOuire-1-768x432.jpg 768w, https:\/\/cdvl63.fr\/wp-content\/uploads\/2023\/02\/23-02-18-Puy-de-lOuire-1-1536x864.jpg 1536w, https:\/\/cdvl63.fr\/wp-content\/uploads\/2023\/02\/23-02-18-Puy-de-lOuire-1-1568x882.jpg 1568w, https:\/\/cdvl63.fr\/wp-content\/uploads\/2023\/02\/23-02-18-Puy-de-lOuire-1.jpg 1920w\" sizes=\"auto, (max-width: 300px) 100vw, 300px\" \/><\/figure><\/div>\n\n\n\n<h2 class=\"wp-block-heading\"><\/h2>\n\n\n\n<p><\/p>\n","protected":false},"excerpt":{"rendered":"<p>Ce que vous trouverez ici Vous trouverez ici toutes les informations n\u00e9cessaires quant \u00e0 la pratique du Vol Libre, ainsi que toutes les actions effectu\u00e9es et envisag\u00e9es par le CDVL [&hellip;]<\/p>\n","protected":false},"author":1,"featured_media":42,"parent":0,"menu_order":0,"comment_status":"closed","ping_status":"closed","template":"","meta":{"footnotes":""},"class_list":["post-18","page","type-page","status-publish","has-post-thumbnail","hentry","entry","has-media"],"_links":{"self":[{"href":"https:\/\/cdvl63.fr\/index.php\/wp-json\/wp\/v2\/pages\/18","targetHints":{"allow":["GET"]}}],"collection":[{"href":"https:\/\/cdvl63.fr\/index.php\/wp-json\/wp\/v2\/pages"}],"about":[{"href":"https:\/\/cdvl63.fr\/index.php\/wp-json\/wp\/v2\/types\/page"}],"author":[{"embeddable":true,"href":"https:\/\/cdvl63.fr\/index.php\/wp-json\/wp\/v2\/users\/1"}],"replies":[{"embeddable":true,"href":"https:\/\/cdvl63.fr\/index.php\/wp-json\/wp\/v2\/comments?post=18"}],"version-history":[{"count":22,"href":"https:\/\/cdvl63.fr\/index.php\/wp-json\/wp\/v2\/pages\/18\/revisions"}],"predecessor-version":[{"id":1256,"href":"https:\/\/cdvl63.fr\/index.php\/wp-json\/wp\/v2\/pages\/18\/revisions\/1256"}],"wp:featuredmedia":[{"embeddable":true,"href":"https:\/\/cdvl63.fr\/index.php\/wp-json\/wp\/v2\/media\/42"}],"wp:attachment":[{"href":"https:\/\/cdvl63.fr\/index.php\/wp-json\/wp\/v2\/media?parent=18"}],"curies":[{"name":"wp","href":"https:\/\/api.w.org\/{rel}","templated":true}]}}