{"id":158,"date":"2023-03-19T10:44:13","date_gmt":"2023-03-19T09:44:13","guid":{"rendered":"https:\/\/cdvl63.fr\/?page_id=158"},"modified":"2024-10-29T07:30:57","modified_gmt":"2024-10-29T06:30:57","slug":"listes-des-sites","status":"publish","type":"page","link":"https:\/\/cdvl63.fr\/index.php\/listes-des-sites\/","title":{"rendered":"Nos merveilleux sites"},"content":{"rendered":"\n<div class=\"wp-block-columns is-layout-flex wp-container-core-columns-is-layout-9d6595d7 wp-block-columns-is-layout-flex\">\n<div class=\"wp-block-column is-layout-flow wp-block-column-is-layout-flow\">\n<h2 class=\"wp-block-heading\"><a href=\"https:\/\/cdvl63.fr\/index.php\/le-puy-de-dome\/\" data-type=\"page\" data-id=\"175\">Puy de D\u00f4me<\/a><\/h2>\n\n\n\n<p>Altitude : <strong>1465 m<\/strong><br>D\u00e9nivel\u00e9 : 450 \u00e0 500m<br>Orientation : Toutes<\/p>\n\n\n\n<figure class=\"wp-block-image size-full\"><a href=\"https:\/\/cdvl63.fr\/index.php\/le-puy-de-dome\/\"><img loading=\"lazy\" decoding=\"async\" width=\"948\" height=\"582\" src=\"https:\/\/cdvl63.fr\/wp-content\/uploads\/2023\/03\/Puy-De-Dome-General-2.jpg\" alt=\"\" class=\"wp-image-170\" srcset=\"https:\/\/cdvl63.fr\/wp-content\/uploads\/2023\/03\/Puy-De-Dome-General-2.jpg 948w, https:\/\/cdvl63.fr\/wp-content\/uploads\/2023\/03\/Puy-De-Dome-General-2-300x184.jpg 300w, https:\/\/cdvl63.fr\/wp-content\/uploads\/2023\/03\/Puy-De-Dome-General-2-768x471.jpg 768w\" sizes=\"auto, (max-width: 948px) 100vw, 948px\" \/><\/a><figcaption class=\"wp-element-caption\">Puy de D\u00f4me<\/figcaption><\/figure>\n<\/div>\n\n\n\n<div class=\"wp-block-column is-layout-flow wp-block-column-is-layout-flow\">\n<h2 class=\"wp-block-heading\"><a href=\"https:\/\/cdvl63.fr\/index.php\/saint-sandoux\/\" data-type=\"page\" data-id=\"190\">Saint Sandoux<\/a><\/h2>\n\n\n\n<p>Altitude : <strong>780 m<\/strong><br>D\u00e9nivel\u00e9 : 250 \u00e0 370m<br>Orientation : N-NE-E<\/p>\n\n\n\n<figure class=\"wp-block-image size-full\"><a href=\"https:\/\/cdvl63.fr\/index.php\/saint-sandoux\/\"><img loading=\"lazy\" decoding=\"async\" width=\"269\" height=\"168\" src=\"https:\/\/cdvl63.fr\/wp-content\/uploads\/2023\/03\/Saint-Sandoux-General.jpg\" alt=\"\" class=\"wp-image-174\"\/><\/a><figcaption class=\"wp-element-caption\">Saint Sandoux<\/figcaption><\/figure>\n<\/div>\n\n\n\n<div class=\"wp-block-column is-layout-flow wp-block-column-is-layout-flow\">\n<h2 class=\"wp-block-heading\"><a href=\"https:\/\/cdvl63.fr\/index.php\/puy-de-corent\/\" data-type=\"page\" data-id=\"199\">Puy de Corent<\/a><\/h2>\n\n\n\n<p>Altitude : <strong>600 m<\/strong><br>D\u00e9nivel\u00e9 : 250m<br>Orientation : S-SO-O-NO<\/p>\n\n\n\n<figure class=\"wp-block-image size-full is-resized\"><a href=\"https:\/\/cdvl63.fr\/index.php\/puy-de-corent\/\"><img loading=\"lazy\" decoding=\"async\" width=\"275\" height=\"206\" src=\"https:\/\/cdvl63.fr\/wp-content\/uploads\/2023\/03\/Corent-General.jpg\" alt=\"\" class=\"wp-image-189\" style=\"width:210px;height:auto\"\/><\/a><figcaption class=\"wp-element-caption\">Puy de Corent<\/figcaption><\/figure>\n<\/div>\n<\/div>\n\n\n\n<div class=\"wp-block-columns is-layout-flex wp-container-core-columns-is-layout-9d6595d7 wp-block-columns-is-layout-flex\">\n<div class=\"wp-block-column is-layout-flow wp-block-column-is-layout-flow\">\n<h2 class=\"wp-block-heading\"><a href=\"https:\/\/cdvl63.fr\/index.php\/listes-des-sites\/puy-saint-romain\/\" data-type=\"page\" data-id=\"278\">Puy Saint Romain<\/a><\/h2>\n\n\n\n<p>Altitude : <strong>780 m<\/strong><br>D\u00e9nivel\u00e9 : 350&nbsp;\u00e0 440 m<br>Orientation : O \/ SO \/ S \/ SE \/ E \/ NO \/ N<\/p>\n\n\n\n<figure class=\"wp-block-image size-full\"><img loading=\"lazy\" decoding=\"async\" width=\"268\" height=\"160\" src=\"https:\/\/cdvl63.fr\/wp-content\/uploads\/2023\/11\/Saint-Romain-General.jpg\" alt=\"\" class=\"wp-image-290\"\/><\/figure>\n<\/div>\n\n\n\n<div class=\"wp-block-column is-layout-flow wp-block-column-is-layout-flow\">\n<h2 class=\"wp-block-heading\"><a href=\"https:\/\/cdvl63.fr\/index.php\/listes-des-sites\/saurier-creste\/\" data-type=\"page\" data-id=\"300\">Saurier-Creste<\/a><\/h2>\n\n\n\n<p>Altitude : <strong>870m &#8211; 840m &#8211; 930m<\/strong><br>D\u00e9nivel\u00e9 : 300 \u00e0 390 m<br>Orientation : E-SE-NO \/ S-SO \/ E-N-O<\/p>\n\n\n\n<figure class=\"wp-block-image size-full is-resized\"><img loading=\"lazy\" decoding=\"async\" width=\"269\" height=\"202\" src=\"https:\/\/cdvl63.fr\/wp-content\/uploads\/2023\/11\/Saurier-Decollage.jpg\" alt=\"\" class=\"wp-image-306\" style=\"width:198px;height:auto\"\/><\/figure>\n<\/div>\n\n\n\n<div class=\"wp-block-column is-layout-flow wp-block-column-is-layout-flow\">\n<h2 class=\"wp-block-heading\"><a href=\"https:\/\/cdvl63.fr\/index.php\/listes-des-sites\/pic-saint-pierre\/\" data-type=\"page\" data-id=\"310\">Pic Saint-Pierre<\/a><\/h2>\n\n\n\n<p>Altitude : <strong>990m<\/strong><br>D\u00e9nivel\u00e9 : 320 \u00e0 340 m<br>Orientation : S-SE \/ N-NE<\/p>\n\n\n\n<figure class=\"wp-block-image size-full is-resized\"><img loading=\"lazy\" decoding=\"async\" width=\"275\" height=\"175\" src=\"https:\/\/cdvl63.fr\/wp-content\/uploads\/2023\/11\/St-Pierre-En-Vol.jpg\" alt=\"\" class=\"wp-image-315\" style=\"width:232px;height:auto\"\/><\/figure>\n<\/div>\n<\/div>\n\n\n\n<div class=\"wp-block-columns is-layout-flex wp-container-core-columns-is-layout-9d6595d7 wp-block-columns-is-layout-flex\">\n<div class=\"wp-block-column is-layout-flow wp-block-column-is-layout-flow\">\n<h2 class=\"wp-block-heading\"><a href=\"https:\/\/cdvl63.fr\/index.php\/listes-des-sites\/trossagne\/\" data-type=\"page\" data-id=\"320\">Trossagne<\/a><\/h2>\n\n\n\n<p>Altitude : <strong>1100m<\/strong><br>D\u00e9nivel\u00e9 : 420 \u00e0 450m<br>Orientation : S-SE \/ N-NE<\/p>\n\n\n\n<figure class=\"wp-block-image size-full is-resized\"><img loading=\"lazy\" decoding=\"async\" width=\"276\" height=\"207\" src=\"https:\/\/cdvl63.fr\/wp-content\/uploads\/2023\/11\/Trossagne-Decollage.jpg\" alt=\"\" class=\"wp-image-323\" style=\"width:231px;height:auto\"\/><\/figure>\n<\/div>\n\n\n\n<div class=\"wp-block-column is-layout-flow wp-block-column-is-layout-flow\">\n<h2 class=\"wp-block-heading\"><a href=\"https:\/\/cdvl63.fr\/index.php\/listes-des-sites\/valbeleix\/\" data-type=\"page\" data-id=\"329\">Valbeleix<\/a><\/h2>\n\n\n\n<p>Altitude : <strong>1180m<\/strong><br>D\u00e9nivel\u00e9 : 400m<br>Orientation : SO-O<\/p>\n\n\n\n<figure class=\"wp-block-image size-full is-resized\"><img loading=\"lazy\" decoding=\"async\" width=\"271\" height=\"177\" src=\"https:\/\/cdvl63.fr\/wp-content\/uploads\/2023\/11\/Valbeleix-Decollage.jpg\" alt=\"\" class=\"wp-image-332\" style=\"width:240px;height:auto\"\/><\/figure>\n<\/div>\n\n\n\n<div class=\"wp-block-column is-layout-flow wp-block-column-is-layout-flow\">\n<h2 class=\"wp-block-heading\"><a href=\"https:\/\/cdvl63.fr\/index.php\/listes-des-sites\/puy-de-louire\/\" data-type=\"page\" data-id=\"340\">Puy de l&#8217;Ouire<\/a><\/h2>\n\n\n\n<p>Altitude : <strong>1505m<\/strong><br>D\u00e9nivel\u00e9 : 250 \u00e0 500m <br>Orientation : O-NO-N<\/p>\n\n\n\n<figure class=\"wp-block-image size-full is-resized\"><img loading=\"lazy\" decoding=\"async\" width=\"274\" height=\"180\" src=\"https:\/\/cdvl63.fr\/wp-content\/uploads\/2023\/11\/Ouire-Atterrissage.jpg\" alt=\"\" class=\"wp-image-345\" style=\"width:238px;height:auto\"\/><\/figure>\n<\/div>\n<\/div>\n\n\n\n<div class=\"wp-block-columns is-layout-flex wp-container-core-columns-is-layout-9d6595d7 wp-block-columns-is-layout-flex\">\n<div class=\"wp-block-column is-layout-flow wp-block-column-is-layout-flow\">\n<h2 class=\"wp-block-heading\"><a href=\"https:\/\/cdvl63.fr\/index.php\/listes-des-sites\/puy-gros\/\" data-type=\"page\" data-id=\"350\">Puy Gros<\/a><\/h2>\n\n\n\n<p>Altitude : <strong>1485m<\/strong><br>D\u00e9nivel\u00e9 : 550 \u00e0 600m<br>Orientation : O-SO-S-SE<\/p>\n\n\n\n<figure class=\"wp-block-image size-full is-resized\"><img loading=\"lazy\" decoding=\"async\" width=\"275\" height=\"206\" src=\"https:\/\/cdvl63.fr\/wp-content\/uploads\/2023\/11\/Puy-Gros-Acces.jpg\" alt=\"\" class=\"wp-image-355\" style=\"width:236px;height:auto\"\/><\/figure>\n<\/div>\n\n\n\n<div class=\"wp-block-column is-layout-flow wp-block-column-is-layout-flow\">\n<h2 class=\"wp-block-heading\"><a href=\"https:\/\/cdvl63.fr\/index.php\/listes-des-sites\/puy-de-la-tache\/\" data-type=\"page\" data-id=\"358\">Puy de la Tache<\/a><\/h2>\n\n\n\n<p>Altitude : <strong>1630m<\/strong><br>D\u00e9nivel\u00e9 : 230 \u00e0 500m<br>Orientation : SE-E-NE-N-NO<\/p>\n\n\n\n<figure class=\"wp-block-image size-full\"><img loading=\"lazy\" decoding=\"async\" width=\"276\" height=\"195\" src=\"https:\/\/cdvl63.fr\/wp-content\/uploads\/2023\/11\/Tache-General.jpg\" alt=\"\" class=\"wp-image-361\"\/><\/figure>\n<\/div>\n\n\n\n<div class=\"wp-block-column is-layout-flow wp-block-column-is-layout-flow\">\n<h2 class=\"wp-block-heading\"><a href=\"https:\/\/cdvl63.fr\/index.php\/listes-des-sites\/puy-de-langle-mareuilh\/\" data-type=\"page\" data-id=\"366\">Puy de l&#8217;Angle<\/a><\/h2>\n\n\n\n<p>Altitude : <strong>1730m \/ 1560m<\/strong><br>D\u00e9nivel\u00e9 : 150 \u00e0 830m<br>Orientation : O-SO-S-SE \/ NO-N<\/p>\n\n\n\n<figure class=\"wp-block-image size-full is-resized\"><img loading=\"lazy\" decoding=\"async\" width=\"275\" height=\"206\" src=\"https:\/\/cdvl63.fr\/wp-content\/uploads\/2023\/11\/Angle-En-Vol.jpg\" alt=\"\" class=\"wp-image-371\" style=\"width:238px;height:auto\"\/><\/figure>\n<\/div>\n<\/div>\n\n\n\n<div class=\"wp-block-columns is-layout-flex wp-container-core-columns-is-layout-9d6595d7 wp-block-columns-is-layout-flex\">\n<div class=\"wp-block-column is-layout-flow wp-block-column-is-layout-flow\">\n<h2 class=\"wp-block-heading\"><a href=\"https:\/\/cdvl63.fr\/index.php\/listes-des-sites\/super-besse\/\" data-type=\"page\" data-id=\"375\">Super Besse<\/a><\/h2>\n\n\n\n<p>Altitude : de 1520 m \u00e0 1850 m<br>D\u00e9nivel\u00e9 : 230 \u00e0 670m<br>Orientation : O-SO-S-SE-E-NO-NE<\/p>\n\n\n\n<figure class=\"wp-block-image size-full\"><img loading=\"lazy\" decoding=\"async\" width=\"277\" height=\"165\" src=\"https:\/\/cdvl63.fr\/wp-content\/uploads\/2023\/11\/Super-Besse-Decollage.jpg\" alt=\"\" class=\"wp-image-379\"\/><\/figure>\n<\/div>\n\n\n\n<div class=\"wp-block-column is-layout-flow wp-block-column-is-layout-flow\">\n<h2 class=\"wp-block-heading\"><a href=\"https:\/\/cdvl63.fr\/index.php\/listes-des-sites\/le-mont-dore\/\" data-type=\"page\" data-id=\"386\">Le Mont-Dore<\/a><\/h2>\n\n\n\n<p>Altitude : de 1500m \u00e0 1785m<br>D\u00e9nivel\u00e9 : 360 \u00e0 640m<br>Orientation : O &#8211; NO \/&nbsp;&nbsp;N &#8211; NE &#8211; E<\/p>\n\n\n\n<figure class=\"wp-block-image size-full is-resized\"><img loading=\"lazy\" decoding=\"async\" width=\"275\" height=\"195\" src=\"https:\/\/cdvl63.fr\/wp-content\/uploads\/2023\/11\/Mont-Dore-Decollages.jpg\" alt=\"\" class=\"wp-image-390\" style=\"width:215px;height:auto\"\/><\/figure>\n<\/div>\n\n\n\n<div class=\"wp-block-column is-layout-flow wp-block-column-is-layout-flow\">\n<h2 class=\"wp-block-heading\"><a href=\"https:\/\/cdvl63.fr\/index.php\/listes-des-sites\/puy-de-sancy\/\" data-type=\"page\" data-id=\"395\">Puy de Sancy<\/a><\/h2>\n\n\n\n<p>Altitude : 1886m<br>D\u00e9nivel\u00e9 : de 500 \u00e0 740m<br>Orientation : S &#8211; SO&nbsp;&#8211; N &#8211; NE<\/p>\n\n\n\n<figure class=\"wp-block-image size-full is-resized\"><img loading=\"lazy\" decoding=\"async\" width=\"275\" height=\"206\" src=\"https:\/\/cdvl63.fr\/wp-content\/uploads\/2023\/11\/Sancy-Decollage-2.jpg\" alt=\"\" class=\"wp-image-399\" style=\"width:206px;height:auto\"\/><\/figure>\n<\/div>\n<\/div>\n\n\n\n<div class=\"wp-block-columns is-layout-flex wp-container-core-columns-is-layout-9d6595d7 wp-block-columns-is-layout-flex\">\n<div class=\"wp-block-column is-layout-flow wp-block-column-is-layout-flow\">\n<h2 class=\"wp-block-heading\"><a href=\"https:\/\/cdvl63.fr\/index.php\/listes-des-sites\/roc-de-cuzeau\/\" data-type=\"page\" data-id=\"403\">Roc de Cuzeau<\/a><\/h2>\n\n\n\n<p>Altitude : 1730m<br>D\u00e9nivel\u00e9 : de 280 \u00e0 840m<br>Orientation : N &#8211; NE &#8211; N<\/p>\n\n\n\n<figure class=\"wp-block-image size-full\"><img loading=\"lazy\" decoding=\"async\" width=\"276\" height=\"188\" src=\"https:\/\/cdvl63.fr\/wp-content\/uploads\/2023\/11\/Cuzeau-Ensemble.jpg\" alt=\"\" class=\"wp-image-408\"\/><\/figure>\n<\/div>\n\n\n\n<div class=\"wp-block-column is-layout-flow wp-block-column-is-layout-flow\">\n<h2 class=\"wp-block-heading\"><a href=\"https:\/\/cdvl63.fr\/index.php\/listes-des-sites\/job\/\" data-type=\"page\" data-id=\"412\">Job<\/a><\/h2>\n\n\n\n<p>Altitude : 1130m &#8211; 1460m<br>D\u00e9nivel\u00e9 : de 480 \u00e0 900m<br>Orientation : N-NO&nbsp;\/&nbsp;O-SO-S<\/p>\n\n\n\n<figure class=\"wp-block-image size-full is-resized\"><img loading=\"lazy\" decoding=\"async\" width=\"276\" height=\"207\" src=\"https:\/\/cdvl63.fr\/wp-content\/uploads\/2023\/11\/Job-Atterrissage.jpg\" alt=\"\" class=\"wp-image-415\" style=\"width:228px;height:auto\"\/><\/figure>\n<\/div>\n\n\n\n<div class=\"wp-block-column is-layout-flow wp-block-column-is-layout-flow\">\n<h2 class=\"wp-block-heading\"><a href=\"http:\/\/yss\">Pic d&#8217;Ysson<\/a><\/h2>\n\n\n\n<p>Altitude : 850m<br>D\u00e9nivel\u00e9 : de 180 \u00e0 350m<br>Orientation : O &#8211;&nbsp;NO &#8211;&nbsp;N &#8211; SO&nbsp;<\/p>\n\n\n\n<figure class=\"wp-block-image size-full\"><img loading=\"lazy\" decoding=\"async\" width=\"274\" height=\"180\" src=\"https:\/\/cdvl63.fr\/wp-content\/uploads\/2023\/11\/Ysson-En-Vol.jpg\" alt=\"\" class=\"wp-image-427\"\/><\/figure>\n<\/div>\n<\/div>\n\n\n\n<div class=\"wp-block-columns is-layout-flex wp-container-core-columns-is-layout-9d6595d7 wp-block-columns-is-layout-flex\">\n<div class=\"wp-block-column is-layout-flow wp-block-column-is-layout-flow\">\n<h2 class=\"wp-block-heading\"><a href=\"https:\/\/cdvl63.fr\/index.php\/listes-des-sites\/chastreix-mont-redon\/\" data-type=\"page\" data-id=\"430\">Chastreix &#8211; Mont Redon<\/a><\/h2>\n\n\n\n<p>Altitude : 1580m<br>D\u00e9nivel\u00e9 : de 280 \u00e0 480m<br>Orientation : S &#8211; SO &#8211; O&nbsp;<\/p>\n\n\n\n<figure class=\"wp-block-image size-full\"><img loading=\"lazy\" decoding=\"async\" width=\"276\" height=\"160\" src=\"https:\/\/cdvl63.fr\/wp-content\/uploads\/2023\/11\/Chastreix-Ensemble.jpg\" alt=\"\" class=\"wp-image-433\"\/><\/figure>\n\n\n\n<p><\/p>\n<\/div>\n\n\n\n<div class=\"wp-block-column is-layout-flow wp-block-column-is-layout-flow\">\n<h2 class=\"wp-block-heading\"><a href=\"https:\/\/cdvl63.fr\/index.php\/listes-des-sites\/navoirat\/\" data-type=\"page\" data-id=\"438\">Navoirat <\/a><\/h2>\n\n\n\n<p>Altitude : 510m<br>D\u00e9nivel\u00e9 : 150m<br>Orientation : E &#8211; SE<\/p>\n\n\n\n<figure class=\"wp-block-image size-full\"><img loading=\"lazy\" decoding=\"async\" width=\"276\" height=\"155\" src=\"https:\/\/cdvl63.fr\/wp-content\/uploads\/2023\/11\/Navoirat-Decollage.jpg\" alt=\"\" class=\"wp-image-441\"\/><\/figure>\n<\/div>\n\n\n\n<div class=\"wp-block-column is-layout-flow wp-block-column-is-layout-flow\">\n<h2 class=\"wp-block-heading\"><a href=\"https:\/\/cdvl63.fr\/index.php\/listes-des-sites\/pente-ecole-cote-jolie-altitude-400m\/\" data-type=\"page\" data-id=\"939\">Cote Jolie<\/a><\/h2>\n\n\n\n<p>Altitude : 400m<br>D\u00e9nivel\u00e9 : Gonflage uniquement<br>Orientation : E &#8211; SE &#8211; S<\/p>\n\n\n\n<figure class=\"wp-block-image size-large\"><img loading=\"lazy\" decoding=\"async\" width=\"1024\" height=\"546\" src=\"https:\/\/cdvl63.fr\/wp-content\/uploads\/2024\/05\/Cote-Jolie-1024x546.jpg\" alt=\"\" class=\"wp-image-942\" srcset=\"https:\/\/cdvl63.fr\/wp-content\/uploads\/2024\/05\/Cote-Jolie-1024x546.jpg 1024w, https:\/\/cdvl63.fr\/wp-content\/uploads\/2024\/05\/Cote-Jolie-300x160.jpg 300w, https:\/\/cdvl63.fr\/wp-content\/uploads\/2024\/05\/Cote-Jolie-768x410.jpg 768w, https:\/\/cdvl63.fr\/wp-content\/uploads\/2024\/05\/Cote-Jolie-1536x819.jpg 1536w, https:\/\/cdvl63.fr\/wp-content\/uploads\/2024\/05\/Cote-Jolie.jpg 2000w\" sizes=\"auto, (max-width: 1024px) 100vw, 1024px\" \/><\/figure>\n<\/div>\n<\/div>\n","protected":false},"excerpt":{"rendered":"<p>Puy de D\u00f4me Altitude : 1465 mD\u00e9nivel\u00e9 : 450 \u00e0 500mOrientation : Toutes Saint Sandoux Altitude : 780 mD\u00e9nivel\u00e9 : 250 \u00e0 370mOrientation : N-NE-E Puy de Corent Altitude : [&hellip;]<\/p>\n","protected":false},"author":1,"featured_media":0,"parent":0,"menu_order":0,"comment_status":"closed","ping_status":"closed","template":"","meta":{"footnotes":""},"class_list":["post-158","page","type-page","status-publish","hentry","entry"],"_links":{"self":[{"href":"https:\/\/cdvl63.fr\/index.php\/wp-json\/wp\/v2\/pages\/158","targetHints":{"allow":["GET"]}}],"collection":[{"href":"https:\/\/cdvl63.fr\/index.php\/wp-json\/wp\/v2\/pages"}],"about":[{"href":"https:\/\/cdvl63.fr\/index.php\/wp-json\/wp\/v2\/types\/page"}],"author":[{"embeddable":true,"href":"https:\/\/cdvl63.fr\/index.php\/wp-json\/wp\/v2\/users\/1"}],"replies":[{"embeddable":true,"href":"https:\/\/cdvl63.fr\/index.php\/wp-json\/wp\/v2\/comments?post=158"}],"version-history":[{"count":24,"href":"https:\/\/cdvl63.fr\/index.php\/wp-json\/wp\/v2\/pages\/158\/revisions"}],"predecessor-version":[{"id":1045,"href":"https:\/\/cdvl63.fr\/index.php\/wp-json\/wp\/v2\/pages\/158\/revisions\/1045"}],"wp:attachment":[{"href":"https:\/\/cdvl63.fr\/index.php\/wp-json\/wp\/v2\/media?parent=158"}],"curies":[{"name":"wp","href":"https:\/\/api.w.org\/{rel}","templated":true}]}}