{"id":1185,"date":"2025-02-11T19:49:07","date_gmt":"2025-02-11T18:49:07","guid":{"rendered":"https:\/\/cdvl63.fr\/?page_id=1185"},"modified":"2026-01-17T06:37:30","modified_gmt":"2026-01-17T05:37:30","slug":"reunions-annee-2025","status":"publish","type":"page","link":"https:\/\/cdvl63.fr\/index.php\/cr-reunions\/reunions-annee-2025\/","title":{"rendered":"R\u00e9unions ann\u00e9e 2025"},"content":{"rendered":"\n<h2 class=\"wp-block-heading\"><strong>CR r\u00e9union CD\u00a0du 01-12-25 Mairie d&#8217;Aubi\u00e8re ( Clermont )<\/strong><\/h2>\n\n\n\t\t<div class=\"embedpress-document-embed embedpress-pdf ose-document ep-doc-0dcd4bca6b137d837728df09748f3797 \">\n\t\t\t<div class=\"embedpress-inner-iframe \"  style=\"width:100%\">\n\t\t\t\t<iframe title=\"2025_12_01 CR R\u00e9union\" class=\"embedpress-embed-document-pdf embedpress-pdf-1768628190347\" style=\"width:800px;height:600px; max-width:100%; display: inline-block\" src=\"https:\/\/cdvl63.fr\/wp-content\/plugins\/embedpress\/assets\/pdf\/web\/viewer.html?file=https:\/\/cdvl63.fr\/wp-content\/uploads\/2026\/01\/2025_12_01-CR-Reunion.pdf#themeMode=default&amp;toolbar=true&amp;position=top&amp;presentation=true&amp;download=true&amp;copy_text=true&amp;add_text=true&amp;draw=false&amp;doc_rotation=true&amp;doc_details=true\" frameborder=\"0\" oncontextmenu=\"return false;\"><\/iframe>\n\n\t\t\t\t\n\t\t\t\t<p class=\"embedpress-el-powered\">Powered By EmbedPress<\/p>\t\t\t<\/div>\n\n\t\t<\/div>\n\t\n\n\n<h2 class=\"wp-block-heading\"><strong>CR r\u00e9union CD&nbsp;du 09-09-25  Chez Jack ( Clermont )<\/strong><\/h2>\n\n\n\t\t<div class=\"embedpress-document-embed embedpress-pdf ose-document ep-doc-dece371d865ae915305abbf570743b24 \">\n\t\t\t<div class=\"embedpress-inner-iframe \"  style=\"width:100%\">\n\t\t\t\t<iframe title=\"CR R\u00e9union 04-09 CDVL63\" class=\"embedpress-embed-document-pdf embedpress-pdf-1761303897421\" style=\"width:800px;height:600px; max-width:100%; display: inline-block\" src=\"https:\/\/cdvl63.fr\/wp-content\/plugins\/embedpress\/assets\/pdf\/web\/viewer.html?file=https:\/\/cdvl63.fr\/wp-content\/uploads\/2025\/10\/CR-Reunion-04-09-CDVL63.pdf#themeMode=default&amp;toolbar=true&amp;position=top&amp;presentation=true&amp;download=true&amp;copy_text=true&amp;add_text=true&amp;draw=false&amp;doc_rotation=true&amp;doc_details=true\" frameborder=\"0\" oncontextmenu=\"return false;\"><\/iframe>\n\n\t\t\t\t\n\t\t\t\t<p class=\"embedpress-el-powered\">Powered By EmbedPress<\/p>\t\t\t<\/div>\n\n\t\t<\/div>\n\t\n\n\n<h2 class=\"wp-block-heading\"><strong>CR r\u00e9union CD&nbsp;du 04-02-25 \u00e0 la mairie d\u2019Aubi\u00e8re<\/strong><\/h2>\n\n\n\t\t<div class=\"embedpress-document-embed embedpress-pdf ose-document ep-doc-c13a3772d6457ee9409b911ebd600d21 \">\n\t\t\t<div class=\"embedpress-inner-iframe \"  style=\"width:100%\">\n\t\t\t\t<iframe title=\"2025_02_04 CR R\u00e9union\" class=\"embedpress-embed-document-pdf embedpress-pdf-1739299706769\" style=\"width:800px;height:600px; max-width:100%; display: inline-block\" src=\"https:\/\/cdvl63.fr\/wp-content\/plugins\/embedpress\/assets\/pdf\/web\/viewer.html?file=https:\/\/cdvl63.fr\/wp-content\/uploads\/2025\/02\/2025_02_04-CR-Reunion.pdf#themeMode=default&amp;toolbar=true&amp;position=top&amp;presentation=true&amp;download=true&amp;copy_text=true&amp;add_text=true&amp;draw=false&amp;doc_rotation=true&amp;doc_details=true\" frameborder=\"0\" oncontextmenu=\"return false;\"><\/iframe>\n\n\t\t\t\t\n\t\t\t\t<p class=\"embedpress-el-powered\">Powered By EmbedPress<\/p>\t\t\t<\/div>\n\n\t\t<\/div>\n\t","protected":false},"excerpt":{"rendered":"<p>CR r\u00e9union CD\u00a0du 01-12-25 Mairie d&#8217;Aubi\u00e8re ( Clermont ) CR r\u00e9union CD&nbsp;du 09-09-25 Chez Jack ( Clermont ) CR r\u00e9union CD&nbsp;du 04-02-25 \u00e0 la mairie d\u2019Aubi\u00e8re<\/p>\n","protected":false},"author":1,"featured_media":0,"parent":533,"menu_order":0,"comment_status":"closed","ping_status":"closed","template":"","meta":{"footnotes":""},"class_list":["post-1185","page","type-page","status-publish","hentry","entry"],"_links":{"self":[{"href":"https:\/\/cdvl63.fr\/index.php\/wp-json\/wp\/v2\/pages\/1185","targetHints":{"allow":["GET"]}}],"collection":[{"href":"https:\/\/cdvl63.fr\/index.php\/wp-json\/wp\/v2\/pages"}],"about":[{"href":"https:\/\/cdvl63.fr\/index.php\/wp-json\/wp\/v2\/types\/page"}],"author":[{"embeddable":true,"href":"https:\/\/cdvl63.fr\/index.php\/wp-json\/wp\/v2\/users\/1"}],"replies":[{"embeddable":true,"href":"https:\/\/cdvl63.fr\/index.php\/wp-json\/wp\/v2\/comments?post=1185"}],"version-history":[{"count":3,"href":"https:\/\/cdvl63.fr\/index.php\/wp-json\/wp\/v2\/pages\/1185\/revisions"}],"predecessor-version":[{"id":1304,"href":"https:\/\/cdvl63.fr\/index.php\/wp-json\/wp\/v2\/pages\/1185\/revisions\/1304"}],"up":[{"embeddable":true,"href":"https:\/\/cdvl63.fr\/index.php\/wp-json\/wp\/v2\/pages\/533"}],"wp:attachment":[{"href":"https:\/\/cdvl63.fr\/index.php\/wp-json\/wp\/v2\/media?parent=1185"}],"curies":[{"name":"wp","href":"https:\/\/api.w.org\/{rel}","templated":true}]}}